{"id":1368,"date":"2023-11-27T11:59:03","date_gmt":"2023-11-27T11:59:03","guid":{"rendered":"https:\/\/www.gemmamassoni.com\/accesibilidad\/"},"modified":"2023-12-25T09:29:54","modified_gmt":"2023-12-25T09:29:54","slug":"accesibilidad","status":"publish","type":"page","link":"https:\/\/www.gemmamassoni.com\/es\/accesibilidad\/","title":{"rendered":"Accesibilidad"},"content":{"rendered":"\t\t<div data-elementor-type=\"wp-page\" data-elementor-id=\"1368\" class=\"elementor elementor-1368\" data-elementor-post-type=\"page\">\n\t\t\t\t\t\t<section class=\"elementor-section elementor-top-section elementor-element elementor-element-18a733a7 elementor-section-boxed elementor-section-height-default elementor-section-height-default\" data-id=\"18a733a7\" data-element_type=\"section\" data-e-type=\"section\">\n\t\t\t\t\t\t<div class=\"elementor-container elementor-column-gap-default\">\n\t\t\t\t\t<div class=\"elementor-column elementor-col-100 elementor-top-column elementor-element elementor-element-37c4506a\" data-id=\"37c4506a\" data-element_type=\"column\" data-e-type=\"column\">\n\t\t\t<div class=\"elementor-widget-wrap elementor-element-populated\">\n\t\t\t\t\t\t<div class=\"elementor-element elementor-element-fb9df90 elementor-widget elementor-widget-text-editor\" data-id=\"fb9df90\" data-element_type=\"widget\" data-e-type=\"widget\" data-widget_type=\"text-editor.default\">\n\t\t\t\t<div class=\"elementor-widget-container\">\n\t\t\t\t\t\t\t\t\t\n<p>Pr\u00f3ximamente<\/p>\n\t\t\t\t\t\t\t\t<\/div>\n\t\t\t\t<\/div>\n\t\t\t\t\t<\/div>\n\t\t<\/div>\n\t\t\t\t\t<\/div>\n\t\t<\/section>\n\t\t\t\t<section class=\"elementor-section elementor-top-section elementor-element elementor-element-9beeb79 elementor-section-boxed elementor-section-height-default elementor-section-height-default\" data-id=\"9beeb79\" data-element_type=\"section\" data-e-type=\"section\">\n\t\t\t\t\t\t<div class=\"elementor-container elementor-column-gap-default\">\n\t\t\t\t\t<div class=\"elementor-column elementor-col-100 elementor-top-column elementor-element elementor-element-3da8413\" data-id=\"3da8413\" data-element_type=\"column\" data-e-type=\"column\">\n\t\t\t<div class=\"elementor-widget-wrap elementor-element-populated\">\n\t\t\t\t\t\t<div class=\"elementor-element elementor-element-4513b20 elementor-widget elementor-widget-html\" data-id=\"4513b20\" data-element_type=\"widget\" data-e-type=\"widget\" data-widget_type=\"html.default\">\n\t\t\t\t<div class=\"elementor-widget-container\">\n\t\t\t\t\t<section class=\"bloque-contenedor\" id=\"contenido-principal\">\n            <h1>Declaraci\u00f3n de accesibilidad de Gemma Massoni<\/h1>\n                                                <p>Resultado: <span class=\"rojo\">Parcialmente conforme <\/span> <\/p>\n\n<p>Gemma Massoni se ha comprometido a hacer accesible su sitio web de conformidad con el <a href=\"https:\/\/www.boe.es\/boe\/dias\/2018\/09\/19\/pdfs\/BOE-A-2018-12699.pdf\">Real Decreto 1112\/2018, de 7 de septiembre<\/a>.<\/p>\n\n<p>A fecha de 15\/12\/2023, <a href=\"https:\/\/addaw.org\/es\" target=\"_blank\">El equipo de ADDAW<\/a> ha realizado una auditor\u00eda de accesibilidad del sitio gemmamassoni.com siguiendo la metodolog\u00eda establecida en la norma UNE-EN 301549:2022 <\/p>\n  <p> El resultado de la auditor\u00eda es <strong>parcialmente conforme<\/strong> con el RD 1112\/2018 y la norma UNE-EN 301549:2022 debido a las excepciones y a la falta de conformidad que se detallan en el informe descargable<\/p>\n                    <table>\n    <thead>\n        <tr>\n            <td colspan=\"2\"><\/td>\n        <\/tr>\n    <\/thead>\n    <tbody>\n        <tr>\n            <td>Fecha de la conformidad<\/td>\n                        <td>15\/12\/2023<\/td>\n        <\/tr>\n        <tr>\n            <td>Versi\u00f3n<\/td>\n            <td>UNE-EN 301549:2022<\/td>\n        <\/tr>\n        <tr>\n            <td>Uri<\/td>\n            <td><a target=\"_blank\" href=\"https:\/\/www.etsi.org\/deliver\/etsi_en\/301500_301599\/301549\/03.02.01_60\/en_301549v030201p.pdf\">Descargar<\/a><\/td>\n        <\/tr>\n        <tr>\n            <td>Nivel de cumplimiento<\/td>\n            <td>AA<\/td>\n        <\/tr>\n    <\/tbody>\n<\/table>\n<table>\n    <thead>\n        <tr>\n            <td>Alcance de la declaraci\u00f3n<\/td>\n        <\/tr>\n    <\/thead>\n    <tbody>\n        <tr>\n            <td>Todo el contenido de la web p\u00fablica<\/td>\n        <\/tr>\n    <\/tbody>\n<\/table>\n<table>\n    <thead>\n        <tr>\n            <td colspan=\"2\">P\u00e1ginas de la muestra<\/td>\n        <\/tr>\n        <tr>\n            <td>T\u00edtulo<\/td>\n            <td>Uri<\/td>\n        <\/tr>\n    <\/thead>\n    <tbody>\n                <tr>\n            <td>Inicio<\/td>\n            <td>https:\/\/www.gemmamassoni.com\/es\/<\/td>\n        <\/tr>\n                <tr>\n            <td>Accesibilidad<\/td>\n            <td>https:\/\/www.gemmamassoni.com\/es\/accesibilidad\/<\/td>\n        <\/tr>\n                <tr>\n            <td>CONTACTO<\/td>\n            <td>https:\/\/www.gemmamassoni.com\/es\/especialista-en-diseno-humano-datos-de-contacto\/<\/td>\n        <\/tr>\n                <tr>\n            <td>Servicios<\/td>\n            <td>https:\/\/www.gemmamassoni.com\/es\/estudio-de-tu-carta-de-diseno-humano\/<\/td>\n        <\/tr>\n                <tr>\n            <td>Gemma Massoni<\/td>\n            <td>https:\/\/www.gemmamassoni.com\/es\/gemma-massoni-psicologa-y-analista-de-diseno-humano\/<\/td>\n        <\/tr>\n        \n    <\/tbody>\n<\/table>\n<table>\n    <thead>\n        <tr>\n            <td colspan=\"2\">Tecnolog\u00edas presentes<\/td>\n        <\/tr>\n    <\/thead>\n    <tbody>\n                <tr>\n            <td>CSS<\/td>\n            <td>http:\/\/www.w3.org\/Style\/CSS\/specs\/<\/td>\n        <\/tr>\n                <tr>\n            <td>HTML5<\/td>\n            <td>http:\/\/www.w3.org\/TR\/html5\/<\/td>\n        <\/tr>\n                <tr>\n            <td>SVG<\/td>\n            <td>https:\/\/www.w3.org\/TR\/SVG\/<\/td>\n        <\/tr>\n                <tr>\n            <td>WAI-ARIA<\/td>\n            <td>https:\/\/www.w3.org\/TR\/wai-aria\/<\/td>\n        <\/tr>\n                <tr>\n            <td>javascript<\/td>\n            <td>https:\/\/developer.mozilla.org\/es\/docs\/Web\/JavaScript<\/td>\n        <\/tr>\n        \n    <\/tbody>\n<\/table>\n<table>\n    <thead>\n        <tr>\n            <td>Herramientas utilizadas<\/td>\n        <\/tr>\n    <\/thead>\n    <tbody>\n                <tr>\n            <td>Browser DevTools\/Inspector<\/td>\n        <\/tr>\n                <tr>\n            <td>Google Lighthouse<\/td>\n        <\/tr>\n                <tr>\n            <td>HTML Validation<\/td>\n        <\/tr>\n                <tr>\n            <td>VoiceOver Screen Reader<\/td>\n        <\/tr>\n                <tr>\n            <td>WAVE Browser Extension<\/td>\n        <\/tr>\n                <tr>\n            <td>ZoomText Fusion<\/td>\n        <\/tr>\n        \n    <\/tbody>\n<\/table>\n<table>\n    <thead>\n        <tr>\n            <td>Agentes de usuario empleados<\/td>\n        <\/tr>\n    <\/thead>\n    <tbody>\n                <tr>\n            <td>Chrome - Latest<\/td>\n        <\/tr>\n                <tr>\n            <td>Edge - Latest<\/td>\n        <\/tr>\n                <tr>\n            <td>Firefox - Latest<\/td>\n        <\/tr>\n                <tr>\n            <td>iOS Safari - Latest<\/td>\n        <\/tr>\n                <tr>\n            <td>Opera - Latest<\/td>\n        <\/tr>\n        \n    <\/tbody>\n<\/table>\n                        <h2>Contacto<\/h2>\n    <p>Puede realizar comunicaciones sobre requisitos de accesibilidad (art\u00edculo 10.2.a) del RD 1112\/2018 como por ejemplo:<\/p>\n    <ul>\n        <li>Informar sobre cualquier posible cumplimiento por parte de este sitio web<\/li>\n        <li>Transmitir otras dificultades de acceso al contenido<\/li>\n        <li>Formular cualquier otra consulta o sugerencia de mejora relativa a la accesibilidad del sitio web<\/li>\n    <\/ul>\n    <p>A trav\u00e9s de la cuenta de correo <a href=\"mailto:hola@gemmamassoni.com\">hola@gemmamassoni.com<\/a><\/p>\n                    <h2>Descargar informes<\/h2>\n                    <table>\n\n                        <thead>\n                            <tr style=\"text-align: center\">\n                                <th style=\"text-align: center\">Identificador<\/th>\n                                <th style=\"text-align: center\">Fecha<\/th>\n                                <th style=\"text-align: center\">Auditor<\/th>\n                                <th style=\"text-align: center\">Estado<\/th>\n                                <th style=\"text-align: center\">Enlace<\/th>\n                            <\/tr>\n                        <\/thead>\n                        <tbody>\n                                                        <tr style=\"text-align: center\">\n                                <td>1005<\/td>\n                                <td>15\/12\/23<\/td>\n                                <td>David Prieto Gonz\u00e1lez<\/td>\n                                <td>Parcialmente Conforme<\/td>\n                                <td><a href=\"https:\/\/addaw.org\/webService\/descargarInformePdf?id=1005\" aria-label=\"Ver informe 1005\">Ver informe<\/a><\/td>\n                            <\/tr>\n                            \n                        <\/tbody>\n        <\/table>\n                    \n                                    <\/section>\t\t\t\t<\/div>\n\t\t\t\t<\/div>\n\t\t\t\t\t<\/div>\n\t\t<\/div>\n\t\t\t\t\t<\/div>\n\t\t<\/section>\n\t\t\t\t<\/div>\n\t\t","protected":false},"excerpt":{"rendered":"<p>Pr\u00f3ximamente Declaraci\u00f3n de accesibilidad de Gemma Massoni Resultado: Parcialmente conforme Gemma Massoni se ha comprometido a hacer accesible su sitio web de conformidad con el Real Decreto 1112\/2018, de 7 de septiembre. A fecha de 15\/12\/2023, El equipo de ADDAW ha realizado una auditor\u00eda de accesibilidad del sitio gemmamassoni.com siguiendo la metodolog\u00eda establecida en la [&hellip;]<\/p>\n","protected":false},"author":2,"featured_media":0,"parent":0,"menu_order":0,"comment_status":"closed","ping_status":"closed","template":"","meta":{"footnotes":""},"class_list":["post-1368","page","type-page","status-publish","hentry"],"yoast_head":"<!-- This site is optimized with the Yoast SEO plugin v27.4 - https:\/\/yoast.com\/product\/yoast-seo-wordpress\/ -->\n<title>Accesibilidad - Gemma Massoni<\/title>\n<meta name=\"robots\" content=\"index, follow, max-snippet:-1, max-image-preview:large, max-video-preview:-1\" \/>\n<link rel=\"canonical\" href=\"https:\/\/www.gemmamassoni.com\/es\/accesibilidad\/\" \/>\n<meta property=\"og:locale\" content=\"es_ES\" \/>\n<meta property=\"og:type\" content=\"article\" \/>\n<meta property=\"og:title\" content=\"Accesibilidad - Gemma Massoni\" \/>\n<meta property=\"og:description\" content=\"Pr\u00f3ximamente Declaraci\u00f3n de accesibilidad de Gemma Massoni Resultado: Parcialmente conforme Gemma Massoni se ha comprometido a hacer accesible su sitio web de conformidad con el Real Decreto 1112\/2018, de 7 de septiembre. A fecha de 15\/12\/2023, El equipo de ADDAW ha realizado una auditor\u00eda de accesibilidad del sitio gemmamassoni.com siguiendo la metodolog\u00eda establecida en la [&hellip;]\" \/>\n<meta property=\"og:url\" content=\"https:\/\/www.gemmamassoni.com\/es\/accesibilidad\/\" \/>\n<meta property=\"og:site_name\" content=\"Gemma Massoni\" \/>\n<meta property=\"article:modified_time\" content=\"2023-12-25T09:29:54+00:00\" \/>\n<meta property=\"og:image\" content=\"https:\/\/www.gemmamassoni.com\/wp-content\/uploads\/2023\/07\/Grafica-disseny-huma-color-Gemma-1.png\" \/>\n\t<meta property=\"og:image:width\" content=\"1200\" \/>\n\t<meta property=\"og:image:height\" content=\"1646\" \/>\n\t<meta property=\"og:image:type\" content=\"image\/png\" \/>\n<meta name=\"twitter:card\" content=\"summary_large_image\" \/>\n<meta name=\"twitter:label1\" content=\"Tiempo de lectura\" \/>\n\t<meta name=\"twitter:data1\" content=\"2 minutos\" \/>\n<script type=\"application\/ld+json\" class=\"yoast-schema-graph\">{\"@context\":\"https:\\\/\\\/schema.org\",\"@graph\":[{\"@type\":\"WebPage\",\"@id\":\"https:\\\/\\\/www.gemmamassoni.com\\\/es\\\/accesibilidad\\\/\",\"url\":\"https:\\\/\\\/www.gemmamassoni.com\\\/es\\\/accesibilidad\\\/\",\"name\":\"Accesibilidad - Gemma Massoni\",\"isPartOf\":{\"@id\":\"https:\\\/\\\/www.gemmamassoni.com\\\/es\\\/#website\"},\"datePublished\":\"2023-11-27T11:59:03+00:00\",\"dateModified\":\"2023-12-25T09:29:54+00:00\",\"breadcrumb\":{\"@id\":\"https:\\\/\\\/www.gemmamassoni.com\\\/es\\\/accesibilidad\\\/#breadcrumb\"},\"inLanguage\":\"es\",\"potentialAction\":[{\"@type\":\"ReadAction\",\"target\":[\"https:\\\/\\\/www.gemmamassoni.com\\\/es\\\/accesibilidad\\\/\"]}]},{\"@type\":\"BreadcrumbList\",\"@id\":\"https:\\\/\\\/www.gemmamassoni.com\\\/es\\\/accesibilidad\\\/#breadcrumb\",\"itemListElement\":[{\"@type\":\"ListItem\",\"position\":1,\"name\":\"Inici\",\"item\":\"https:\\\/\\\/www.gemmamassoni.com\\\/es\\\/\"},{\"@type\":\"ListItem\",\"position\":2,\"name\":\"Accesibilidad\"}]},{\"@type\":\"WebSite\",\"@id\":\"https:\\\/\\\/www.gemmamassoni.com\\\/es\\\/#website\",\"url\":\"https:\\\/\\\/www.gemmamassoni.com\\\/es\\\/\",\"name\":\"Gemma Massoni, Psicolog\u00eda i Disseny Hum\u00e0\",\"description\":\"Disseny Hum\u00e0 Conscient\",\"publisher\":{\"@id\":\"https:\\\/\\\/www.gemmamassoni.com\\\/es\\\/#\\\/schema\\\/person\\\/d7439bbb115bc777ecc1245cc22bc3fd\"},\"alternateName\":\"Gemma Massoni\",\"potentialAction\":[{\"@type\":\"SearchAction\",\"target\":{\"@type\":\"EntryPoint\",\"urlTemplate\":\"https:\\\/\\\/www.gemmamassoni.com\\\/es\\\/?s={search_term_string}\"},\"query-input\":{\"@type\":\"PropertyValueSpecification\",\"valueRequired\":true,\"valueName\":\"search_term_string\"}}],\"inLanguage\":\"es\"},{\"@type\":[\"Person\",\"Organization\"],\"@id\":\"https:\\\/\\\/www.gemmamassoni.com\\\/es\\\/#\\\/schema\\\/person\\\/d7439bbb115bc777ecc1245cc22bc3fd\",\"name\":\"Gemma Massoni\",\"image\":{\"@type\":\"ImageObject\",\"inLanguage\":\"es\",\"@id\":\"https:\\\/\\\/www.gemmamassoni.com\\\/wp-content\\\/uploads\\\/2023\\\/05\\\/logoGemma_LR_CAT.png\",\"url\":\"https:\\\/\\\/www.gemmamassoni.com\\\/wp-content\\\/uploads\\\/2023\\\/05\\\/logoGemma_LR_CAT.png\",\"contentUrl\":\"https:\\\/\\\/www.gemmamassoni.com\\\/wp-content\\\/uploads\\\/2023\\\/05\\\/logoGemma_LR_CAT.png\",\"width\":929,\"height\":179,\"caption\":\"Gemma Massoni\"},\"logo\":{\"@id\":\"https:\\\/\\\/www.gemmamassoni.com\\\/wp-content\\\/uploads\\\/2023\\\/05\\\/logoGemma_LR_CAT.png\"}}]}<\/script>\n<!-- \/ Yoast SEO plugin. -->","yoast_head_json":{"title":"Accesibilidad - Gemma Massoni","robots":{"index":"index","follow":"follow","max-snippet":"max-snippet:-1","max-image-preview":"max-image-preview:large","max-video-preview":"max-video-preview:-1"},"canonical":"https:\/\/www.gemmamassoni.com\/es\/accesibilidad\/","og_locale":"es_ES","og_type":"article","og_title":"Accesibilidad - Gemma Massoni","og_description":"Pr\u00f3ximamente Declaraci\u00f3n de accesibilidad de Gemma Massoni Resultado: Parcialmente conforme Gemma Massoni se ha comprometido a hacer accesible su sitio web de conformidad con el Real Decreto 1112\/2018, de 7 de septiembre. A fecha de 15\/12\/2023, El equipo de ADDAW ha realizado una auditor\u00eda de accesibilidad del sitio gemmamassoni.com siguiendo la metodolog\u00eda establecida en la [&hellip;]","og_url":"https:\/\/www.gemmamassoni.com\/es\/accesibilidad\/","og_site_name":"Gemma Massoni","article_modified_time":"2023-12-25T09:29:54+00:00","og_image":[{"width":1200,"height":1646,"url":"https:\/\/www.gemmamassoni.com\/wp-content\/uploads\/2023\/07\/Grafica-disseny-huma-color-Gemma-1.png","type":"image\/png"}],"twitter_card":"summary_large_image","twitter_misc":{"Tiempo de lectura":"2 minutos"},"schema":{"@context":"https:\/\/schema.org","@graph":[{"@type":"WebPage","@id":"https:\/\/www.gemmamassoni.com\/es\/accesibilidad\/","url":"https:\/\/www.gemmamassoni.com\/es\/accesibilidad\/","name":"Accesibilidad - Gemma Massoni","isPartOf":{"@id":"https:\/\/www.gemmamassoni.com\/es\/#website"},"datePublished":"2023-11-27T11:59:03+00:00","dateModified":"2023-12-25T09:29:54+00:00","breadcrumb":{"@id":"https:\/\/www.gemmamassoni.com\/es\/accesibilidad\/#breadcrumb"},"inLanguage":"es","potentialAction":[{"@type":"ReadAction","target":["https:\/\/www.gemmamassoni.com\/es\/accesibilidad\/"]}]},{"@type":"BreadcrumbList","@id":"https:\/\/www.gemmamassoni.com\/es\/accesibilidad\/#breadcrumb","itemListElement":[{"@type":"ListItem","position":1,"name":"Inici","item":"https:\/\/www.gemmamassoni.com\/es\/"},{"@type":"ListItem","position":2,"name":"Accesibilidad"}]},{"@type":"WebSite","@id":"https:\/\/www.gemmamassoni.com\/es\/#website","url":"https:\/\/www.gemmamassoni.com\/es\/","name":"Gemma Massoni, Psicolog\u00eda i Disseny Hum\u00e0","description":"Disseny Hum\u00e0 Conscient","publisher":{"@id":"https:\/\/www.gemmamassoni.com\/es\/#\/schema\/person\/d7439bbb115bc777ecc1245cc22bc3fd"},"alternateName":"Gemma Massoni","potentialAction":[{"@type":"SearchAction","target":{"@type":"EntryPoint","urlTemplate":"https:\/\/www.gemmamassoni.com\/es\/?s={search_term_string}"},"query-input":{"@type":"PropertyValueSpecification","valueRequired":true,"valueName":"search_term_string"}}],"inLanguage":"es"},{"@type":["Person","Organization"],"@id":"https:\/\/www.gemmamassoni.com\/es\/#\/schema\/person\/d7439bbb115bc777ecc1245cc22bc3fd","name":"Gemma Massoni","image":{"@type":"ImageObject","inLanguage":"es","@id":"https:\/\/www.gemmamassoni.com\/wp-content\/uploads\/2023\/05\/logoGemma_LR_CAT.png","url":"https:\/\/www.gemmamassoni.com\/wp-content\/uploads\/2023\/05\/logoGemma_LR_CAT.png","contentUrl":"https:\/\/www.gemmamassoni.com\/wp-content\/uploads\/2023\/05\/logoGemma_LR_CAT.png","width":929,"height":179,"caption":"Gemma Massoni"},"logo":{"@id":"https:\/\/www.gemmamassoni.com\/wp-content\/uploads\/2023\/05\/logoGemma_LR_CAT.png"}}]}},"_links":{"self":[{"href":"https:\/\/www.gemmamassoni.com\/es\/wp-json\/wp\/v2\/pages\/1368","targetHints":{"allow":["GET"]}}],"collection":[{"href":"https:\/\/www.gemmamassoni.com\/es\/wp-json\/wp\/v2\/pages"}],"about":[{"href":"https:\/\/www.gemmamassoni.com\/es\/wp-json\/wp\/v2\/types\/page"}],"author":[{"embeddable":true,"href":"https:\/\/www.gemmamassoni.com\/es\/wp-json\/wp\/v2\/users\/2"}],"replies":[{"embeddable":true,"href":"https:\/\/www.gemmamassoni.com\/es\/wp-json\/wp\/v2\/comments?post=1368"}],"version-history":[{"count":6,"href":"https:\/\/www.gemmamassoni.com\/es\/wp-json\/wp\/v2\/pages\/1368\/revisions"}],"predecessor-version":[{"id":1925,"href":"https:\/\/www.gemmamassoni.com\/es\/wp-json\/wp\/v2\/pages\/1368\/revisions\/1925"}],"wp:attachment":[{"href":"https:\/\/www.gemmamassoni.com\/es\/wp-json\/wp\/v2\/media?parent=1368"}],"curies":[{"name":"wp","href":"https:\/\/api.w.org\/{rel}","templated":true}]}}